{"id":5886,"date":"2025-07-07T12:30:45","date_gmt":"2025-07-07T15:30:45","guid":{"rendered":"http:\/\/sindmotorlix.com.br\/wp\/?page_id=5886"},"modified":"2025-07-07T12:30:46","modified_gmt":"2025-07-07T15:30:46","slug":"quem-somos","status":"publish","type":"page","link":"https:\/\/sindmotorlix.com.br\/wp\/?page_id=5886","title":{"rendered":"Quem Somos"},"content":{"rendered":"\n<p><strong>Miss\u00e3o:<\/strong>&nbsp;Desenvolver continuamente pol\u00edticas estrat\u00e9gicas de negocia\u00e7\u00e3o com o objetivo de&nbsp;garantir a representa\u00e7\u00e3o, a defesa,&nbsp;o aperfei\u00e7oamento e a integridade dos trabalhadores motoristas das empresas de coleta de grandes geradores, perante as autoridades administrativas e jur\u00eddicas&nbsp;visando o fortalecimento da organiza\u00e7\u00e3o dos trabalhadores em benef\u00edcio de uma sociedade com justi\u00e7a social.<\/p>\n\n\n\n<p><strong>Vis\u00e3o:<\/strong>&nbsp;Ser reconhecido como entidade essencial e de vanguarda na representa\u00e7\u00e3o e no aperfei\u00e7oamento dos trabalhadores&nbsp;motoristas de grandes geradores.<\/p>\n\n\n\n<p><strong>Valores:<\/strong>&nbsp;\u00c9tica e solidariedade \u2013 atuar segundo os preceitos estatut\u00e1rios da entidade.<\/p>\n","protected":false},"excerpt":{"rendered":"<p>Miss\u00e3o:&nbsp;Desenvolver continuamente pol\u00edticas estrat\u00e9gicas de negocia\u00e7\u00e3o com o objetivo de&nbsp;garantir a representa\u00e7\u00e3o, a defesa,&nbsp;o aperfei\u00e7oamento e a integridade dos trabalhadores motoristas das empresas de coleta de grandes geradores, perante as&hellip;<\/p>\n","protected":false},"author":1,"featured_media":0,"parent":0,"menu_order":0,"comment_status":"closed","ping_status":"closed","template":"","meta":{"content-type":"","_lmt_disableupdate":"","_lmt_disable":"","footnotes":""},"class_list":["post-5886","page","type-page","status-publish","hentry"],"_links":{"self":[{"href":"https:\/\/sindmotorlix.com.br\/wp\/index.php?rest_route=\/wp\/v2\/pages\/5886","targetHints":{"allow":["GET"]}}],"collection":[{"href":"https:\/\/sindmotorlix.com.br\/wp\/index.php?rest_route=\/wp\/v2\/pages"}],"about":[{"href":"https:\/\/sindmotorlix.com.br\/wp\/index.php?rest_route=\/wp\/v2\/types\/page"}],"author":[{"embeddable":true,"href":"https:\/\/sindmotorlix.com.br\/wp\/index.php?rest_route=\/wp\/v2\/users\/1"}],"replies":[{"embeddable":true,"href":"https:\/\/sindmotorlix.com.br\/wp\/index.php?rest_route=%2Fwp%2Fv2%2Fcomments&post=5886"}],"version-history":[{"count":1,"href":"https:\/\/sindmotorlix.com.br\/wp\/index.php?rest_route=\/wp\/v2\/pages\/5886\/revisions"}],"predecessor-version":[{"id":5887,"href":"https:\/\/sindmotorlix.com.br\/wp\/index.php?rest_route=\/wp\/v2\/pages\/5886\/revisions\/5887"}],"wp:attachment":[{"href":"https:\/\/sindmotorlix.com.br\/wp\/index.php?rest_route=%2Fwp%2Fv2%2Fmedia&parent=5886"}],"curies":[{"name":"wp","href":"https:\/\/api.w.org\/{rel}","templated":true}]}}