{"id":5893,"date":"2025-07-07T12:33:30","date_gmt":"2025-07-07T15:33:30","guid":{"rendered":"http:\/\/sindmotorlix.com.br\/wp\/?page_id=5893"},"modified":"2025-07-07T12:33:31","modified_gmt":"2025-07-07T15:33:31","slug":"diretoria","status":"publish","type":"page","link":"https:\/\/sindmotorlix.com.br\/wp\/?page_id=5893","title":{"rendered":"Diretoria"},"content":{"rendered":"\n<p><strong>DIRETORIA<\/strong><\/p>\n\n\n\n<p>Efetivos<\/p>\n\n\n\n<p><strong>PRESIDENTE:<\/strong>&nbsp;Marco Antonio Domingos<\/p>\n\n\n\n<p><strong>SECRET\u00c1RIO GERAL:<\/strong>&nbsp;Francisco Cordeiro da Silva<\/p>\n\n\n\n<p><strong>SECRET\u00c1RIO DAS FINAN\u00c7AS:<\/strong>&nbsp;Alvaro David Baptista<\/p>\n\n\n\n<p>Suplentes<\/p>\n\n\n\n<p>Jair Vitor de Lima<\/p>\n\n\n\n<p>Wagner Santos de Castro<\/p>\n\n\n\n<p>William da Silva Souza<\/p>\n\n\n\n<p>____________________________<\/p>\n\n\n\n<p><strong>CONSELHO FISCAL<\/strong><\/p>\n\n\n\n<p>Efetivos<\/p>\n\n\n\n<p>Dino Ciboto Neto<\/p>\n\n\n\n<p>Jorge Paulo Bastos<\/p>\n\n\n\n<p>Suplente<\/p>\n\n\n\n<p>Jos\u00e9 Raimundo Concei\u00e7\u00e3o Chaves<\/p>\n\n\n\n<p>____________________________<\/p>\n\n\n\n<p><strong>DELEGA\u00c7\u00c3O FEDERATIVA<\/strong><\/p>\n\n\n\n<p>Efetivos<\/p>\n\n\n\n<p>Marco Antonio Domingos<\/p>\n\n\n\n<p>Alvaro David Baptista<\/p>\n\n\n\n<p>Suplentes<\/p>\n\n\n\n<p>Wagner Santos de Castro<\/p>\n\n\n\n<p>Francisco Cordeiro da Silva<\/p>\n","protected":false},"excerpt":{"rendered":"<p>DIRETORIA Efetivos PRESIDENTE:&nbsp;Marco Antonio Domingos SECRET\u00c1RIO GERAL:&nbsp;Francisco Cordeiro da Silva SECRET\u00c1RIO DAS FINAN\u00c7AS:&nbsp;Alvaro David Baptista Suplentes Jair Vitor de Lima Wagner Santos de Castro William da Silva Souza ____________________________ CONSELHO&hellip;<\/p>\n","protected":false},"author":1,"featured_media":0,"parent":0,"menu_order":0,"comment_status":"closed","ping_status":"closed","template":"","meta":{"content-type":"","_lmt_disableupdate":"","_lmt_disable":"","footnotes":""},"class_list":["post-5893","page","type-page","status-publish","hentry"],"_links":{"self":[{"href":"https:\/\/sindmotorlix.com.br\/wp\/index.php?rest_route=\/wp\/v2\/pages\/5893","targetHints":{"allow":["GET"]}}],"collection":[{"href":"https:\/\/sindmotorlix.com.br\/wp\/index.php?rest_route=\/wp\/v2\/pages"}],"about":[{"href":"https:\/\/sindmotorlix.com.br\/wp\/index.php?rest_route=\/wp\/v2\/types\/page"}],"author":[{"embeddable":true,"href":"https:\/\/sindmotorlix.com.br\/wp\/index.php?rest_route=\/wp\/v2\/users\/1"}],"replies":[{"embeddable":true,"href":"https:\/\/sindmotorlix.com.br\/wp\/index.php?rest_route=%2Fwp%2Fv2%2Fcomments&post=5893"}],"version-history":[{"count":1,"href":"https:\/\/sindmotorlix.com.br\/wp\/index.php?rest_route=\/wp\/v2\/pages\/5893\/revisions"}],"predecessor-version":[{"id":5894,"href":"https:\/\/sindmotorlix.com.br\/wp\/index.php?rest_route=\/wp\/v2\/pages\/5893\/revisions\/5894"}],"wp:attachment":[{"href":"https:\/\/sindmotorlix.com.br\/wp\/index.php?rest_route=%2Fwp%2Fv2%2Fmedia&parent=5893"}],"curies":[{"name":"wp","href":"https:\/\/api.w.org\/{rel}","templated":true}]}}