{"id":5900,"date":"2025-07-07T12:39:47","date_gmt":"2025-07-07T15:39:47","guid":{"rendered":"http:\/\/sindmotorlix.com.br\/wp\/?page_id=5900"},"modified":"2025-07-07T12:39:48","modified_gmt":"2025-07-07T15:39:48","slug":"saude","status":"publish","type":"page","link":"https:\/\/sindmotorlix.com.br\/wp\/?page_id=5900","title":{"rendered":"Sa\u00fade"},"content":{"rendered":"\n<p><strong>Atendimento M\u00e9dico<\/strong><\/p>\n\n\n\n<p>As cl\u00ednicas de atendimento possuem uma equipe m\u00e9dica formada por especialistas com experi\u00eancia e que aliam conhecimento \u00e0 tecnologia, destacando-se n\u00e3o apenas pelo total comprometimento com seus pacientes, mas tamb\u00e9m por um constante aprimoramento de suas habilidades.<\/p>\n\n\n\n<p><strong>Exames Laboratoriais<\/strong><\/p>\n\n\n\n<p>Exames e testes realizados por encaminhamento do m\u00e9dico e efetuados em nossos laborat\u00f3rios de an\u00e1lises cl\u00ednicas, visando um diagn\u00f3stico ou simplesmente um check-up. Consegue-se hoje, com esses diagn\u00f3sticos t\u00e9cnicos, prevenir quase todo tipo de doen\u00e7as quando descobertas em sua fase inicial, inclusive o c\u00e2ncer.<\/p>\n\n\n\n<p><strong>Atendimento Odontol\u00f3gico<\/strong><\/p>\n\n\n\n<p>Os centros de odontologia oferecem aos trabalhadores e a seus dependentes a melhor qualidade em tratamentos da sa\u00fade bucal, em ambiente moderno, com equipamentos de \u00faltima gera\u00e7\u00e3o e equipe odontol\u00f3gica composta por profissionais comprometidos e qualificados. Antes de dar in\u00edcio a qualquer procedimento, avaliamos de forma detalhada a sa\u00fade bucal do paciente para que o tratamento mais adequado seja indicado.<\/p>\n\n\n\n<p><strong>&nbsp;Dicas para receber o atendimento nas cl\u00ednicas&nbsp;<\/strong><\/p>\n\n\n\n<p>Para ter o atendimento adequado, pede-se que o filiado ou dependente ligue antes para uma das nossas unidades. O filiado ou seu dependente dever\u00e1 comparecer de segunda a sexta-feira, das 7h30 \u00e0s 6h nas cl\u00ednicas espec\u00edficas (ver especialidades de cada unidade), para avalia\u00e7\u00e3o t\u00e9cnica, que ser\u00e1 feita por ordem de chegada. O filiado ou dependente (esposa e filhos at\u00e9 16 anos) dever\u00e1 levar carteirinha de filiado do SINDMOTORLIX, carteira de identidade (RG) e o \u00faltimo holerite.<\/p>\n\n\n\n<p>Confira nossas cl\u00ednicas, com endere\u00e7o e telefone, para melhor te atender:<\/p>\n\n\n\n<p><strong>CENTRO<\/strong><\/p>\n\n\n\n<p>Rua Vitorino Carmilo, 422 \u2013 Santa Cec\u00edlia<\/p>\n\n\n\n<p>Fone: (11) 3828-3300 \/ 3666-1051 \/ 3668-6643<\/p>\n\n\n\n<p><strong><em>Especialidades Internas:&nbsp;<\/em><\/strong><\/p>\n\n\n\n<ul class=\"wp-block-list\">\n<li>Cl\u00ednica Geral<\/li>\n\n\n\n<li>Odontologia<\/li>\n\n\n\n<li>Ginecologia<\/li>\n\n\n\n<li>Dermatologia<\/li>\n\n\n\n<li>Alergologista<\/li>\n\n\n\n<li>Pediatria<\/li>\n\n\n\n<li>Ortopedia<\/li>\n\n\n\n<li>Nutricionista<\/li>\n\n\n\n<li>Psic\u00f3loga<\/li>\n<\/ul>\n\n\n\n<p><strong>ZONA LESTE I \u2013 ARTUR ALVIM<\/strong><\/p>\n\n\n\n<p>Rua Dr. Moacir Tavolaro, 263 \u2013 Artur Alvim<\/p>\n\n\n\n<p>Fone: (11) 2742-4744<\/p>\n\n\n\n<p><strong><em>Especialidades Internas:&nbsp;<\/em><\/strong><\/p>\n\n\n\n<ul class=\"wp-block-list\">\n<li>Cl\u00ednica Geral<\/li>\n\n\n\n<li>Odontologia<\/li>\n\n\n\n<li>Ginecologia<\/li>\n\n\n\n<li>Pediatria<\/li>\n<\/ul>\n\n\n\n<p><strong>ZONA LESTE II \u2013 GUAIANAZES<\/strong><\/p>\n\n\n\n<p>Rua Dr. Meira Pena, 150 \u2013 Guaianazes<\/p>\n\n\n\n<p>Fone\/Fax: (11) 2553-7608<\/p>\n\n\n\n<p><em><strong>Especialidades Internas:<\/strong><\/em><\/p>\n\n\n\n<ul class=\"wp-block-list\">\n<li>Cl\u00ednica Geral<\/li>\n\n\n\n<li>Odontologia<\/li>\n\n\n\n<li>Ginecologia<\/li>\n\n\n\n<li>Pediatria<\/li>\n<\/ul>\n\n\n\n<p><strong>ZONA LESTE III \u2013 S\u00c3O MIGUEL PAULISTA<\/strong><\/p>\n\n\n\n<p>Rua Beraldo Marcondes, 293 \u2013 S\u00e3o Miguel<\/p>\n\n\n\n<p>Fone: (11) 2297-2300<\/p>\n\n\n\n<p><em><strong>&nbsp;<\/strong><\/em><em><strong>Especialidades Internas:<\/strong><\/em><\/p>\n\n\n\n<ul class=\"wp-block-list\">\n<li>Dentista<\/li>\n\n\n\n<li>Cl\u00ednico Geral<\/li>\n\n\n\n<li>Pediatra<\/li>\n\n\n\n<li>Ginecologista<\/li>\n<\/ul>\n\n\n\n<p><strong>ZONA NORTE \u2013 CACHOEIRINHA<\/strong><\/p>\n\n\n\n<p>Av. Deputado Cantidio Sampaio, 153 \u2013 Vila Souza<\/p>\n\n\n\n<p>Fone\/Fax: (11) 3804-1001<\/p>\n\n\n\n<p><strong><em>&nbsp;Especialidades Internas:&nbsp;<\/em><\/strong><\/p>\n\n\n\n<ul class=\"wp-block-list\">\n<li>Odontologia<\/li>\n<\/ul>\n\n\n\n<p><strong>ZONA SUL \u2013 SANTO AMARO<\/strong><\/p>\n\n\n\n<p>Rua Jo\u00e3o de Genova, 13 \u2013 Santo Amaro<\/p>\n\n\n\n<p>Fone\/Fax: (11) 5523-0833 \/ 5524-7568<\/p>\n\n\n\n<p><strong><em>Especialidades Internas:&nbsp;<\/em><\/strong><\/p>\n\n\n\n<ul class=\"wp-block-list\">\n<li>Cl\u00ednica Geral<\/li>\n\n\n\n<li>Odontologia<\/li>\n\n\n\n<li>Ginecologia<\/li>\n\n\n\n<li>Dermatologia<\/li>\n\n\n\n<li>Pediatria<\/li>\n\n\n\n<li>Ortopedia<\/li>\n\n\n\n<li>Nutricionista<\/li>\n\n\n\n<li>Psic\u00f3loga<\/li>\n<\/ul>\n\n\n\n<p><strong>ZONA OESTE \u2013 LAPA<\/strong><\/p>\n\n\n\n<p>Rua Trajano, 181 \u2013 Lapa<\/p>\n\n\n\n<p>Fone\/Fax: (11) 3865-7169<\/p>\n\n\n\n<p><strong><em>Especialidades Internas:<\/em><\/strong><\/p>\n\n\n\n<p>Atendimento Odontol\u00f3gico: Cl\u00ednico, Endodontia, Cirurgia, Odontopediatria e P\u00e9rio<\/p>\n\n\n\n<ul class=\"wp-block-list\">\n<li>Ginecologia<\/li>\n\n\n\n<li>Cl\u00ednica Geral<\/li>\n\n\n\n<li>Pediatria<\/li>\n<\/ul>\n\n\n\n<p><strong>Centro Odontol\u00f3gico Refer\u00eancia (COR) \u2013 SANTO AMARO<\/strong><\/p>\n\n\n\n<p>Rua Jo\u00e3o de G\u00eanova, 10, Santo Amaro<\/p>\n\n\n\n<p>Fone\/Fax: (11) 5523-0833 \/ (11) 5524-7568<\/p>\n\n\n\n<p><em><strong>&nbsp;Especialidades Internas:<\/strong><\/em><\/p>\n\n\n\n<ul class=\"wp-block-list\">\n<li>Cl\u00ednico geral<\/li>\n\n\n\n<li>Odontopediatria (crian\u00e7as)<\/li>\n\n\n\n<li>Exodontia (extra\u00e7\u00e3o de dentes ou ra\u00edzes)<\/li>\n\n\n\n<li>Periodontia (tratamento da gengiva)<\/li>\n\n\n\n<li>Endodontia (tratamento de canal)<\/li>\n\n\n\n<li>Ortodontia (aparelho) e Pr\u00f3teses (associado paga um valor diferenciado nos tratamentos est\u00e9ticos)<\/li>\n<\/ul>\n","protected":false},"excerpt":{"rendered":"<p>Atendimento M\u00e9dico As cl\u00ednicas de atendimento possuem uma equipe m\u00e9dica formada por especialistas com experi\u00eancia e que aliam conhecimento \u00e0 tecnologia, destacando-se n\u00e3o apenas pelo total comprometimento com seus pacientes,&hellip;<\/p>\n","protected":false},"author":1,"featured_media":0,"parent":0,"menu_order":0,"comment_status":"closed","ping_status":"closed","template":"","meta":{"content-type":"","_lmt_disableupdate":"","_lmt_disable":"","footnotes":""},"class_list":["post-5900","page","type-page","status-publish","hentry"],"_links":{"self":[{"href":"https:\/\/sindmotorlix.com.br\/wp\/index.php?rest_route=\/wp\/v2\/pages\/5900","targetHints":{"allow":["GET"]}}],"collection":[{"href":"https:\/\/sindmotorlix.com.br\/wp\/index.php?rest_route=\/wp\/v2\/pages"}],"about":[{"href":"https:\/\/sindmotorlix.com.br\/wp\/index.php?rest_route=\/wp\/v2\/types\/page"}],"author":[{"embeddable":true,"href":"https:\/\/sindmotorlix.com.br\/wp\/index.php?rest_route=\/wp\/v2\/users\/1"}],"replies":[{"embeddable":true,"href":"https:\/\/sindmotorlix.com.br\/wp\/index.php?rest_route=%2Fwp%2Fv2%2Fcomments&post=5900"}],"version-history":[{"count":1,"href":"https:\/\/sindmotorlix.com.br\/wp\/index.php?rest_route=\/wp\/v2\/pages\/5900\/revisions"}],"predecessor-version":[{"id":5901,"href":"https:\/\/sindmotorlix.com.br\/wp\/index.php?rest_route=\/wp\/v2\/pages\/5900\/revisions\/5901"}],"wp:attachment":[{"href":"https:\/\/sindmotorlix.com.br\/wp\/index.php?rest_route=%2Fwp%2Fv2%2Fmedia&parent=5900"}],"curies":[{"name":"wp","href":"https:\/\/api.w.org\/{rel}","templated":true}]}}