{"id":5903,"date":"2025-07-07T12:41:43","date_gmt":"2025-07-07T15:41:43","guid":{"rendered":"http:\/\/sindmotorlix.com.br\/wp\/?page_id=5903"},"modified":"2025-10-26T07:00:36","modified_gmt":"2025-10-26T10:00:36","slug":"departamento-juridico","status":"publish","type":"page","link":"https:\/\/sindmotorlix.com.br\/wp\/?page_id=5903","title":{"rendered":"Departamento Jur\u00eddico\u00a0"},"content":{"rendered":"\n<p><strong>Como funciona a Assist\u00eancia Jur\u00eddica:<\/strong><\/p>\n\n\n\n<p>Advogados Especializados integram o Departamento Jur\u00eddico do Sindmotorlix e est\u00e3o aptos para prestar completa Assist\u00eancia Jur\u00eddica e Judici\u00e1ria na \u00e1rea trabalhista a todos os Associados e demais integrantes da Categoria Profissional, de forma gratuita.<\/p>\n\n\n\n<p>Entre as a\u00e7\u00f5es dispon\u00edveis:<\/p>\n\n\n\n<p>-Orienta\u00e7\u00e3o e esclarecimentos de d\u00favidas trabalhistas (em todos os n\u00edveis de dificuldades, desde quest\u00f5es de rotina di\u00e1ria at\u00e9 a proposituras de A\u00e7\u00f5es Judiciais Trabalhistas);<\/p>\n\n\n\n<p>-Acompanhamento do processo trabalhista em todas as fases, desde audi\u00eancias online nas Varas do Trabalho e Tribunal Regional do Trabalho at\u00e9 o Tribunal Superior do Trabalho em Bras\u00edlia;<\/p>\n\n\n\n<p><strong>Importante:<\/strong><\/p>\n\n\n\n<p>Nos termos da Lei 5584\/70, cabe ao Sindicato prestar gratuitamente Assist\u00eancia Jur\u00eddica Trabalhista a todos os integrantes da Categoria Profissional que recebam sal\u00e1rio inferior a dois sal\u00e1rios m\u00ednimos ou que comprovem que a situa\u00e7\u00e3o econ\u00f4mica n\u00e3o lhes permite demandar sem preju\u00edzo do sustento pr\u00f3prio e de sua fam\u00edlia.<\/p>\n\n\n\n<p><strong>Local e hor\u00e1rios de atendimento:<\/strong><\/p>\n\n\n\n<p><strong>Sede do Sindmotorlix<\/strong><\/p>\n\n\n\n<p>Rua: Bar\u00e3o de Itapetininga, 255, sala 402, 4\u00ba andar, Rep\u00fablica S\u00e3o Paulo, capital \u2013 Tel: 11 3138 0300<\/p>\n\n\n\n<p>Ter\u00e7a-feira e Quinta-Feira das 09 \u00e0s 17h.<\/p>\n\n\n\n<h4 class=\"wp-block-heading\"><\/h4>\n","protected":false},"excerpt":{"rendered":"<p>Como funciona a Assist\u00eancia Jur\u00eddica: Advogados Especializados integram o Departamento Jur\u00eddico do Sindmotorlix e est\u00e3o aptos para prestar completa Assist\u00eancia Jur\u00eddica e Judici\u00e1ria na \u00e1rea trabalhista a todos os Associados&hellip;<\/p>\n","protected":false},"author":1,"featured_media":0,"parent":0,"menu_order":0,"comment_status":"closed","ping_status":"closed","template":"","meta":{"content-type":"","_lmt_disableupdate":"","_lmt_disable":"","footnotes":""},"class_list":["post-5903","page","type-page","status-publish","hentry"],"_links":{"self":[{"href":"https:\/\/sindmotorlix.com.br\/wp\/index.php?rest_route=\/wp\/v2\/pages\/5903","targetHints":{"allow":["GET"]}}],"collection":[{"href":"https:\/\/sindmotorlix.com.br\/wp\/index.php?rest_route=\/wp\/v2\/pages"}],"about":[{"href":"https:\/\/sindmotorlix.com.br\/wp\/index.php?rest_route=\/wp\/v2\/types\/page"}],"author":[{"embeddable":true,"href":"https:\/\/sindmotorlix.com.br\/wp\/index.php?rest_route=\/wp\/v2\/users\/1"}],"replies":[{"embeddable":true,"href":"https:\/\/sindmotorlix.com.br\/wp\/index.php?rest_route=%2Fwp%2Fv2%2Fcomments&post=5903"}],"version-history":[{"count":3,"href":"https:\/\/sindmotorlix.com.br\/wp\/index.php?rest_route=\/wp\/v2\/pages\/5903\/revisions"}],"predecessor-version":[{"id":6209,"href":"https:\/\/sindmotorlix.com.br\/wp\/index.php?rest_route=\/wp\/v2\/pages\/5903\/revisions\/6209"}],"wp:attachment":[{"href":"https:\/\/sindmotorlix.com.br\/wp\/index.php?rest_route=%2Fwp%2Fv2%2Fmedia&parent=5903"}],"curies":[{"name":"wp","href":"https:\/\/api.w.org\/{rel}","templated":true}]}}