{"id":5916,"date":"2025-07-07T12:49:43","date_gmt":"2025-07-07T15:49:43","guid":{"rendered":"http:\/\/sindmotorlix.com.br\/wp\/?page_id=5916"},"modified":"2025-08-21T11:18:50","modified_gmt":"2025-08-21T14:18:50","slug":"filie-se","status":"publish","type":"page","link":"https:\/\/sindmotorlix.com.br\/wp\/?page_id=5916","title":{"rendered":"Filie-se"},"content":{"rendered":"\n<p>Filie-se ao Sindmotorlix, a melhor dire\u00e7\u00e3o para o trabalhador!<\/p>\n\n\n\n<p>Se o sindicato \u00e9 a segunda casa do trabalhador, o Sindmotorlix \u00e9 o lugar certo para os motoristas da coleta de lixo de grandes geradores da cidade de S\u00e3o Paulo.<\/p>\n\n\n\n<p>Podem sindicalizar-se:<\/p>\n\n\n\n<p>Todos os motoristas que atuam nas empresas prestadoras de servi\u00e7o de coleta no segmento Grandes Geradores de S\u00e3o Paulo.<\/p>\n\n\n\n<p><strong>Documentos exigidos para filiar-se:<\/strong><\/p>\n\n\n\n<p><strong>&#8211;<\/strong>Carteira de Trabalho e Previd\u00eancia Social (CTPS);<\/p>\n\n\n\n<p>-Cadastro de Pessoas F\u00edsicas (CPF);<\/p>\n\n\n\n<p>-Carteira de Identidade (RG);<\/p>\n\n\n\n<p>-Programa de Integra\u00e7\u00e3o Social (PIS);<\/p>\n\n\n\n<p>-Endere\u00e7o completo:<\/p>\n\n\n\n<p>-Data de nascimento dos dependentes legais;<\/p>\n\n\n\n<p>\u00a0Taxa: R$ 35.00<\/p>\n\n\n\n<p><strong>&nbsp;Lembre-se:&nbsp;<\/strong>Depois da boleia do caminh\u00e3o, seguran\u00e7a para os motoristas s\u00f3 no Sindmotorlix!<\/p>\n","protected":false},"excerpt":{"rendered":"<p>Filie-se ao Sindmotorlix, a melhor dire\u00e7\u00e3o para o trabalhador! Se o sindicato \u00e9 a segunda casa do trabalhador, o Sindmotorlix \u00e9 o lugar certo para os motoristas da coleta de&hellip;<\/p>\n","protected":false},"author":1,"featured_media":0,"parent":0,"menu_order":0,"comment_status":"closed","ping_status":"closed","template":"","meta":{"content-type":"","_lmt_disableupdate":"","_lmt_disable":"","footnotes":""},"class_list":["post-5916","page","type-page","status-publish","hentry"],"_links":{"self":[{"href":"https:\/\/sindmotorlix.com.br\/wp\/index.php?rest_route=\/wp\/v2\/pages\/5916","targetHints":{"allow":["GET"]}}],"collection":[{"href":"https:\/\/sindmotorlix.com.br\/wp\/index.php?rest_route=\/wp\/v2\/pages"}],"about":[{"href":"https:\/\/sindmotorlix.com.br\/wp\/index.php?rest_route=\/wp\/v2\/types\/page"}],"author":[{"embeddable":true,"href":"https:\/\/sindmotorlix.com.br\/wp\/index.php?rest_route=\/wp\/v2\/users\/1"}],"replies":[{"embeddable":true,"href":"https:\/\/sindmotorlix.com.br\/wp\/index.php?rest_route=%2Fwp%2Fv2%2Fcomments&post=5916"}],"version-history":[{"count":2,"href":"https:\/\/sindmotorlix.com.br\/wp\/index.php?rest_route=\/wp\/v2\/pages\/5916\/revisions"}],"predecessor-version":[{"id":6160,"href":"https:\/\/sindmotorlix.com.br\/wp\/index.php?rest_route=\/wp\/v2\/pages\/5916\/revisions\/6160"}],"wp:attachment":[{"href":"https:\/\/sindmotorlix.com.br\/wp\/index.php?rest_route=%2Fwp%2Fv2%2Fmedia&parent=5916"}],"curies":[{"name":"wp","href":"https:\/\/api.w.org\/{rel}","templated":true}]}}