{"id":5919,"date":"2025-07-07T12:50:29","date_gmt":"2025-07-07T15:50:29","guid":{"rendered":"http:\/\/sindmotorlix.com.br\/wp\/?page_id=5919"},"modified":"2026-01-24T21:15:50","modified_gmt":"2026-01-25T00:15:50","slug":"contato","status":"publish","type":"page","link":"https:\/\/sindmotorlix.com.br\/wp\/?page_id=5919","title":{"rendered":"Contato"},"content":{"rendered":"<p>Voc\u00ea pode entrar em contato com o SINDMOTORLIX atrav\u00e9s de nossa sede ou pelo telefone<\/p>\n<p>SEDE<br \/>\nR Bar\u00e3o de Itapetininga 255, sala 402<br \/>\nEdif\u00edcio Galeria Calif\u00f3rnia<br \/>\nRep\u00fablica \u2013 S\u00e3o Paulo\/SP<\/p>\n<p>Hor\u00e1rio de atendimento: segunda \u00e0 sexta-feira das 9h as 17h<\/p>\n<p><strong>Departamento Jur\u00eddico:<\/strong><br \/>\nAdvogados trabalhistas orientam os s\u00f3cios, tiram d\u00favidas, fazem c\u00e1lculos e se necess\u00e1rio abrem processos. Atendimento: ter\u00e7a-feira e quinta-feira das 09 \u00e0s 17h.<\/p>\n<p>Reserva de Col\u00f4nia de F\u00e9rias: entrar em contato atrav\u00e9s do telefone 11-3138-0300 para verificar disponibilidade<\/p>\n<p>D\u00favidas sobre filia\u00e7\u00e3o e benef\u00edcios:\u00a0Tel: 11-3138-0300<\/p>\n<p>Pagamento de mensalidade\/contribui\u00e7\u00e3o entrar em contato com Tamara:\u00a0Tel: 11-3138-0300<\/p>\n<p>Solicitar fiscaliza\u00e7\u00e3o ou fazer den\u00fancia:\u00a0Tel: 11-3138-0300<\/p>\n","protected":false},"excerpt":{"rendered":"<p>Voc\u00ea pode entrar em contato com o SINDMOTORLIX atrav\u00e9s de nossa sede ou pelo telefone SEDE R Bar\u00e3o de Itapetininga 255, sala 402 Edif\u00edcio Galeria Calif\u00f3rnia Rep\u00fablica \u2013 S\u00e3o Paulo\/SP&hellip;<\/p>\n","protected":false},"author":1,"featured_media":0,"parent":0,"menu_order":0,"comment_status":"closed","ping_status":"closed","template":"","meta":{"content-type":"","_lmt_disableupdate":"","_lmt_disable":"","footnotes":""},"class_list":["post-5919","page","type-page","status-publish","hentry"],"_links":{"self":[{"href":"https:\/\/sindmotorlix.com.br\/wp\/index.php?rest_route=\/wp\/v2\/pages\/5919","targetHints":{"allow":["GET"]}}],"collection":[{"href":"https:\/\/sindmotorlix.com.br\/wp\/index.php?rest_route=\/wp\/v2\/pages"}],"about":[{"href":"https:\/\/sindmotorlix.com.br\/wp\/index.php?rest_route=\/wp\/v2\/types\/page"}],"author":[{"embeddable":true,"href":"https:\/\/sindmotorlix.com.br\/wp\/index.php?rest_route=\/wp\/v2\/users\/1"}],"replies":[{"embeddable":true,"href":"https:\/\/sindmotorlix.com.br\/wp\/index.php?rest_route=%2Fwp%2Fv2%2Fcomments&post=5919"}],"version-history":[{"count":7,"href":"https:\/\/sindmotorlix.com.br\/wp\/index.php?rest_route=\/wp\/v2\/pages\/5919\/revisions"}],"predecessor-version":[{"id":6232,"href":"https:\/\/sindmotorlix.com.br\/wp\/index.php?rest_route=\/wp\/v2\/pages\/5919\/revisions\/6232"}],"wp:attachment":[{"href":"https:\/\/sindmotorlix.com.br\/wp\/index.php?rest_route=%2Fwp%2Fv2%2Fmedia&parent=5919"}],"curies":[{"name":"wp","href":"https:\/\/api.w.org\/{rel}","templated":true}]}}